{"id":622,"date":"2024-11-07T17:41:56","date_gmt":"2024-11-07T16:41:56","guid":{"rendered":"https:\/\/lefan.be\/?page_id=622"},"modified":"2024-11-12T17:24:16","modified_gmt":"2024-11-12T16:24:16","slug":"elementor-622","status":"publish","type":"page","link":"https:\/\/lefan.be\/index.php\/elementor-622\/","title":{"rendered":"Elementor #622"},"content":{"rendered":"\t\t<div data-elementor-type=\"wp-page\" data-elementor-id=\"622\" class=\"elementor elementor-622\" data-elementor-post-type=\"page\">\n\t\t\t\t<div class=\"elementor-element elementor-element-68af72a e-flex e-con-boxed e-con e-parent\" data-id=\"68af72a\" data-element_type=\"container\" data-e-type=\"container\">\n\t\t\t\t\t<div class=\"e-con-inner\">\n\t\t\t\t\t<\/div>\n\t\t\t\t<\/div>\n\t\t<div class=\"elementor-element elementor-element-8d94d39 e-flex e-con-boxed e-con e-parent\" data-id=\"8d94d39\" data-element_type=\"container\" data-e-type=\"container\">\n\t\t\t\t\t<div class=\"e-con-inner\">\n\t\t\t\t\t<\/div>\n\t\t\t\t<\/div>\n\t\t<div class=\"elementor-element elementor-element-9f84367 e-flex e-con-boxed e-con e-parent\" data-id=\"9f84367\" data-element_type=\"container\" data-e-type=\"container\">\n\t\t\t\t\t<div class=\"e-con-inner\">\n\t\t\t\t\t<\/div>\n\t\t\t\t<\/div>\n\t\t\t\t<\/div>\n\t\t","protected":false},"excerpt":{"rendered":"<p>[product_categories number=\u00a0\u00bb4&Prime; columns=\u00a0\u00bb4&Prime; hide_empty=\u00a0\u00bb0&Prime; orderby=\u00a0\u00bbname\u00a0\u00bb order=\u00a0\u00bbdesc\u00a0\u00bb]<\/p>\n","protected":false},"author":1,"featured_media":0,"parent":0,"menu_order":0,"comment_status":"closed","ping_status":"closed","template":"","meta":{"site-sidebar-layout":"no-sidebar","site-content-layout":"","ast-site-content-layout":"full-width-container","site-content-style":"default","site-sidebar-style":"default","ast-global-header-display":"","ast-banner-title-visibility":"","ast-main-header-display":"","ast-hfb-above-header-display":"","ast-hfb-below-header-display":"","ast-hfb-mobile-header-display":"","site-post-title":"disabled","ast-breadcrumbs-content":"","ast-featured-img":"disabled","footer-sml-layout":"","ast-disable-related-posts":"","theme-transparent-header-meta":"","adv-header-id-meta":"","stick-header-meta":"","header-above-stick-meta":"","header-main-stick-meta":"","header-below-stick-meta":"","astra-migrate-meta-layouts":"default","ast-page-background-enabled":"default","ast-page-background-meta":{"desktop":{"background-color":"var(--ast-global-color-4)","background-image":"","background-repeat":"repeat","background-position":"center center","background-size":"auto","background-attachment":"scroll","background-type":"","background-media":"","overlay-type":"","overlay-color":"","overlay-opacity":"","overlay-gradient":""},"tablet":{"background-color":"","background-image":"","background-repeat":"repeat","background-position":"center center","background-size":"auto","background-attachment":"scroll","background-type":"","background-media":"","overlay-type":"","overlay-color":"","overlay-opacity":"","overlay-gradient":""},"mobile":{"background-color":"","background-image":"","background-repeat":"repeat","background-position":"center center","background-size":"auto","background-attachment":"scroll","background-type":"","background-media":"","overlay-type":"","overlay-color":"","overlay-opacity":"","overlay-gradient":""}},"ast-content-background-meta":{"desktop":{"background-color":"var(--ast-global-color-5)","background-image":"","background-repeat":"repeat","background-position":"center center","background-size":"auto","background-attachment":"scroll","background-type":"","background-media":"","overlay-type":"","overlay-color":"","overlay-opacity":"","overlay-gradient":""},"tablet":{"background-color":"var(--ast-global-color-5)","background-image":"","background-repeat":"repeat","background-position":"center center","background-size":"auto","background-attachment":"scroll","background-type":"","background-media":"","overlay-type":"","overlay-color":"","overlay-opacity":"","overlay-gradient":""},"mobile":{"background-color":"var(--ast-global-color-5)","background-image":"","background-repeat":"repeat","background-position":"center center","background-size":"auto","background-attachment":"scroll","background-type":"","background-media":"","overlay-type":"","overlay-color":"","overlay-opacity":"","overlay-gradient":""}},"footnotes":""},"class_list":["post-622","page","type-page","status-publish","hentry"],"yoast_head":"<!-- This site is optimized with the Yoast SEO plugin v27.4 - https:\/\/yoast.com\/product\/yoast-seo-wordpress\/ -->\n<title>Elementor #622 - Le Fan Sandwicherie<\/title>\n<meta name=\"robots\" content=\"index, follow, max-snippet:-1, max-image-preview:large, max-video-preview:-1\" \/>\n<link rel=\"canonical\" href=\"https:\/\/lefan.be\/index.php\/elementor-622\/\" \/>\n<meta property=\"og:locale\" content=\"fr_FR\" \/>\n<meta property=\"og:type\" content=\"article\" \/>\n<meta property=\"og:title\" content=\"Elementor #622 - Le Fan Sandwicherie\" \/>\n<meta property=\"og:description\" content=\"[product_categories number=\u00a0\u00bb4&Prime; columns=\u00a0\u00bb4&Prime; hide_empty=\u00a0\u00bb0&Prime; orderby=\u00a0\u00bbname\u00a0\u00bb order=\u00a0\u00bbdesc\u00a0\u00bb]\" \/>\n<meta property=\"og:url\" content=\"https:\/\/lefan.be\/index.php\/elementor-622\/\" \/>\n<meta property=\"og:site_name\" content=\"Le Fan Sandwicherie\" \/>\n<meta property=\"article:publisher\" content=\"https:\/\/www.facebook.com\/profile.php?id=61563494745033\" \/>\n<meta property=\"article:modified_time\" content=\"2024-11-12T16:24:16+00:00\" \/>\n<meta name=\"twitter:card\" content=\"summary_large_image\" \/>\n<meta name=\"twitter:label1\" content=\"Dur\u00e9e de lecture estim\u00e9e\" \/>\n\t<meta name=\"twitter:data1\" content=\"1 minute\" \/>\n<script type=\"application\/ld+json\" class=\"yoast-schema-graph\">{\"@context\":\"https:\\\/\\\/schema.org\",\"@graph\":[{\"@type\":\"WebPage\",\"@id\":\"https:\\\/\\\/lefan.be\\\/index.php\\\/elementor-622\\\/\",\"url\":\"https:\\\/\\\/lefan.be\\\/index.php\\\/elementor-622\\\/\",\"name\":\"Elementor #622 - Le Fan Sandwicherie\",\"isPartOf\":{\"@id\":\"https:\\\/\\\/lefan.be\\\/#website\"},\"datePublished\":\"2024-11-07T16:41:56+00:00\",\"dateModified\":\"2024-11-12T16:24:16+00:00\",\"breadcrumb\":{\"@id\":\"https:\\\/\\\/lefan.be\\\/index.php\\\/elementor-622\\\/#breadcrumb\"},\"inLanguage\":\"fr-FR\",\"potentialAction\":[{\"@type\":\"ReadAction\",\"target\":[\"https:\\\/\\\/lefan.be\\\/index.php\\\/elementor-622\\\/\"]}]},{\"@type\":\"BreadcrumbList\",\"@id\":\"https:\\\/\\\/lefan.be\\\/index.php\\\/elementor-622\\\/#breadcrumb\",\"itemListElement\":[{\"@type\":\"ListItem\",\"position\":1,\"name\":\"Accueil\",\"item\":\"https:\\\/\\\/lefan.be\\\/\"},{\"@type\":\"ListItem\",\"position\":2,\"name\":\"Elementor #622\"}]},{\"@type\":\"WebSite\",\"@id\":\"https:\\\/\\\/lefan.be\\\/#website\",\"url\":\"https:\\\/\\\/lefan.be\\\/\",\"name\":\"LeFan\",\"description\":\"Le Fan est une sandwicherie gourmande situ\u00e9e \u00e0 Uccle. D\u00e9couvrez notre large s\u00e9lection de sandwichs artisanaux, paninis, salades fra\u00eeches et soupes maison. Nos sp\u00e9cialit\u00e9s incluent des recettes originales comme Le Fan, Le Petit Chat ou Le Nikos. Nous proposons \u00e9galement des options v\u00e9g\u00e9tariennes et v\u00e9ganes. Tous nos produits sont pr\u00e9par\u00e9s avec soin, \u00e0 partir d&#039;ingr\u00e9dients frais et de qualit\u00e9. Commandez sur place pour savourer nos d\u00e9licieuses cr\u00e9ations\",\"publisher\":{\"@id\":\"https:\\\/\\\/lefan.be\\\/#organization\"},\"alternateName\":\"Le Fan\",\"potentialAction\":[{\"@type\":\"SearchAction\",\"target\":{\"@type\":\"EntryPoint\",\"urlTemplate\":\"https:\\\/\\\/lefan.be\\\/?s={search_term_string}\"},\"query-input\":{\"@type\":\"PropertyValueSpecification\",\"valueRequired\":true,\"valueName\":\"search_term_string\"}}],\"inLanguage\":\"fr-FR\"},{\"@type\":\"Organization\",\"@id\":\"https:\\\/\\\/lefan.be\\\/#organization\",\"name\":\"LeFan\",\"url\":\"https:\\\/\\\/lefan.be\\\/\",\"logo\":{\"@type\":\"ImageObject\",\"inLanguage\":\"fr-FR\",\"@id\":\"https:\\\/\\\/lefan.be\\\/#\\\/schema\\\/logo\\\/image\\\/\",\"url\":\"https:\\\/\\\/lefan.be\\\/wp-content\\\/uploads\\\/2024\\\/06\\\/logo_30x30.png\",\"contentUrl\":\"https:\\\/\\\/lefan.be\\\/wp-content\\\/uploads\\\/2024\\\/06\\\/logo_30x30.png\",\"width\":3543,\"height\":3493,\"caption\":\"LeFan\"},\"image\":{\"@id\":\"https:\\\/\\\/lefan.be\\\/#\\\/schema\\\/logo\\\/image\\\/\"},\"sameAs\":[\"https:\\\/\\\/www.facebook.com\\\/profile.php?id=61563494745033\"]}]}<\/script>\n<!-- \/ Yoast SEO plugin. -->","yoast_head_json":{"title":"Elementor #622 - Le Fan Sandwicherie","robots":{"index":"index","follow":"follow","max-snippet":"max-snippet:-1","max-image-preview":"max-image-preview:large","max-video-preview":"max-video-preview:-1"},"canonical":"https:\/\/lefan.be\/index.php\/elementor-622\/","og_locale":"fr_FR","og_type":"article","og_title":"Elementor #622 - Le Fan Sandwicherie","og_description":"[product_categories number=\u00a0\u00bb4&Prime; columns=\u00a0\u00bb4&Prime; hide_empty=\u00a0\u00bb0&Prime; orderby=\u00a0\u00bbname\u00a0\u00bb order=\u00a0\u00bbdesc\u00a0\u00bb]","og_url":"https:\/\/lefan.be\/index.php\/elementor-622\/","og_site_name":"Le Fan Sandwicherie","article_publisher":"https:\/\/www.facebook.com\/profile.php?id=61563494745033","article_modified_time":"2024-11-12T16:24:16+00:00","twitter_card":"summary_large_image","twitter_misc":{"Dur\u00e9e de lecture estim\u00e9e":"1 minute"},"schema":{"@context":"https:\/\/schema.org","@graph":[{"@type":"WebPage","@id":"https:\/\/lefan.be\/index.php\/elementor-622\/","url":"https:\/\/lefan.be\/index.php\/elementor-622\/","name":"Elementor #622 - Le Fan Sandwicherie","isPartOf":{"@id":"https:\/\/lefan.be\/#website"},"datePublished":"2024-11-07T16:41:56+00:00","dateModified":"2024-11-12T16:24:16+00:00","breadcrumb":{"@id":"https:\/\/lefan.be\/index.php\/elementor-622\/#breadcrumb"},"inLanguage":"fr-FR","potentialAction":[{"@type":"ReadAction","target":["https:\/\/lefan.be\/index.php\/elementor-622\/"]}]},{"@type":"BreadcrumbList","@id":"https:\/\/lefan.be\/index.php\/elementor-622\/#breadcrumb","itemListElement":[{"@type":"ListItem","position":1,"name":"Accueil","item":"https:\/\/lefan.be\/"},{"@type":"ListItem","position":2,"name":"Elementor #622"}]},{"@type":"WebSite","@id":"https:\/\/lefan.be\/#website","url":"https:\/\/lefan.be\/","name":"LeFan","description":"Le Fan est une sandwicherie gourmande situ\u00e9e \u00e0 Uccle. D\u00e9couvrez notre large s\u00e9lection de sandwichs artisanaux, paninis, salades fra\u00eeches et soupes maison. Nos sp\u00e9cialit\u00e9s incluent des recettes originales comme Le Fan, Le Petit Chat ou Le Nikos. Nous proposons \u00e9galement des options v\u00e9g\u00e9tariennes et v\u00e9ganes. Tous nos produits sont pr\u00e9par\u00e9s avec soin, \u00e0 partir d&#039;ingr\u00e9dients frais et de qualit\u00e9. Commandez sur place pour savourer nos d\u00e9licieuses cr\u00e9ations","publisher":{"@id":"https:\/\/lefan.be\/#organization"},"alternateName":"Le Fan","potentialAction":[{"@type":"SearchAction","target":{"@type":"EntryPoint","urlTemplate":"https:\/\/lefan.be\/?s={search_term_string}"},"query-input":{"@type":"PropertyValueSpecification","valueRequired":true,"valueName":"search_term_string"}}],"inLanguage":"fr-FR"},{"@type":"Organization","@id":"https:\/\/lefan.be\/#organization","name":"LeFan","url":"https:\/\/lefan.be\/","logo":{"@type":"ImageObject","inLanguage":"fr-FR","@id":"https:\/\/lefan.be\/#\/schema\/logo\/image\/","url":"https:\/\/lefan.be\/wp-content\/uploads\/2024\/06\/logo_30x30.png","contentUrl":"https:\/\/lefan.be\/wp-content\/uploads\/2024\/06\/logo_30x30.png","width":3543,"height":3493,"caption":"LeFan"},"image":{"@id":"https:\/\/lefan.be\/#\/schema\/logo\/image\/"},"sameAs":["https:\/\/www.facebook.com\/profile.php?id=61563494745033"]}]}},"jetpack_sharing_enabled":true,"_links":{"self":[{"href":"https:\/\/lefan.be\/index.php\/wp-json\/wp\/v2\/pages\/622","targetHints":{"allow":["GET"]}}],"collection":[{"href":"https:\/\/lefan.be\/index.php\/wp-json\/wp\/v2\/pages"}],"about":[{"href":"https:\/\/lefan.be\/index.php\/wp-json\/wp\/v2\/types\/page"}],"author":[{"embeddable":true,"href":"https:\/\/lefan.be\/index.php\/wp-json\/wp\/v2\/users\/1"}],"replies":[{"embeddable":true,"href":"https:\/\/lefan.be\/index.php\/wp-json\/wp\/v2\/comments?post=622"}],"version-history":[{"count":7,"href":"https:\/\/lefan.be\/index.php\/wp-json\/wp\/v2\/pages\/622\/revisions"}],"predecessor-version":[{"id":659,"href":"https:\/\/lefan.be\/index.php\/wp-json\/wp\/v2\/pages\/622\/revisions\/659"}],"wp:attachment":[{"href":"https:\/\/lefan.be\/index.php\/wp-json\/wp\/v2\/media?parent=622"}],"curies":[{"name":"wp","href":"https:\/\/api.w.org\/{rel}","templated":true}]}}